{"id":17,"date":"2022-03-02T10:23:38","date_gmt":"2022-03-02T10:23:38","guid":{"rendered":"http:\/\/box5546.temp.domains\/~metpharm\/?page_id=17"},"modified":"2024-05-11T20:32:30","modified_gmt":"2024-05-11T20:32:30","slug":"stakeholders","status":"publish","type":"page","link":"https:\/\/met-pharm.com\/?page_id=17","title":{"rendered":"Stakeholders"},"content":{"rendered":"<div\n      class=\"kv-control-placeholder kv-_page\"\n      data-kv-control=\"1\">\n    <\/div> <section class=\"background-id_3 section-1646213667772 pajahi93\" style=\" position:relative;\">\n  <a name=\"section1646213667772\"><\/a>\n    <div\n    class=\"kv-control-placeholder kv-_section\"\n    data-kv-control=\"background\">\n  <\/div> <div class='kv-background  ' style=\" background-color: rgb(69,113,188);\">\n        \n        <div class='kv-background-inner '  style=\"\n          \n          \n          \n          background-color: rgb(69,113,188);\n          \"><\/div>\n          \n<\/div>\n\n  <div class=\"position-relative kv-content\">\n    <div\n    class=\"kv-control-placeholder kv-_section\"\n    data-kv-control=\"content\">\n  <\/div> <div class=\"kv-ee-section kv-ee-section--lg kv-ee-align-left\"><div class=\"kv-ee-container\"><div class=\"kv-ee-row\"><div class=\"kv-ee-col-12 \"><div class=\"image-kv-ee-align-left\"><div data-aspect-ratio=\"\"class=\"\"> <div\n      data-type=\"image\" data-property=\"image\"\n       class=\"kv-ee-featured-image kv-ee-content-image \" role=\"img\" data-src=\"https:\/\/images.builderservices.io\/s\/cdn\/v1.0\/i\/m?url=https%3A%2F%2Fstorage.googleapis.com%2Fproduction-bluehost-v1-0-3%2F963%2F1275963%2Fq3xpqv4X%2F060cbfc985c545dd981274f88429c8e7&#038;methods=resize%2C100%2C5000\" data-src-normal=\"https:\/\/images.builderservices.io\/s\/cdn\/v1.0\/i\/m?url=https%3A%2F%2Fstorage.googleapis.com%2Fproduction-bluehost-v1-0-3%2F963%2F1275963%2Fq3xpqv4X%2F060cbfc985c545dd981274f88429c8e7&#038;methods=resize%2C1000%2C5000\" data-src-retina=\"https:\/\/images.builderservices.io\/s\/cdn\/v1.0\/i\/m?url=https%3A%2F%2Fstorage.googleapis.com%2Fproduction-bluehost-v1-0-3%2F963%2F1275963%2Fq3xpqv4X%2F060cbfc985c545dd981274f88429c8e7&#038;methods=resize%2C1500%2C5000\"\n      style=\"background-position: center center;background-repeat: no-repeat;\"\n      data-setting=\"border\"\n      role=\"img\"\n    ><\/div> <\/div><\/div><\/div><\/div><div class=\"kv-ee-row\"><div class=\"kv-ee-col-12 kv-notify-inview kv-ee-section-text\">  <h2 class=\"kv-ee-section-title kv-ee-section-title--sm\" data-type=\"text\" tabindex=\"0\"><font class=\"cstm-fnt\" style=\"font-size: 110.1%;\"><b>Stakeholders     <\/b><\/font><span data-prop=\"title\" class=\"ck-editable-element\" data-editable=\"basic\" style=\"display:none;\"><\/span><\/h2>  <p class=\"kv-ee-section-description kv-ee-body--md\" data-type=\"text\" tabindex=\"0\">At Metpharm R&amp;D, we understand the vital role of collaboration in driving progress within the pharmaceutical and medical device sectors. With our seasoned team boasting extensive experience across various domains including pharmaceuticals, medical devices, public institutions, and academia, we offer strategic partnership opportunities tailored to meet the unique needs of each project. From the initial stages of product development to navigating reimbursement processes and ensuring patient access, we are committed to providing comprehensive support at every step.\n<br><br>\nOur approach is characterized by a multidisciplinary mindset and a wealth of expertise, bolstered by strategic partnerships forged at both national and international levels. By leveraging this collective experience, we have cultivated an effective service network, positioning ourselves as your trusted solution partner. Our services encompass the entire spectrum of project requirements, from ideation to execution, with a focus on delivering tangible results.\n<br><br>\nWith a robust network and a reputation for reliability, Metpharm R&amp;D serves as a cornerstone for collaboration in both the public and private sectors. We prioritize building and maintaining constructive relationships with stakeholders across the industry, fostering an environment conducive to innovation and growth.\n<br><br><br><font class=\"cstm-fnt\" style=\"font-size: 120.1%;\"><b>Some of Our Strategic Partners<\/b><br><br>\n<\/font><br><b>Asphalion&nbsp; &nbsp; &nbsp; &nbsp; &nbsp; &nbsp; &nbsp; &nbsp;HIPRA&nbsp; &nbsp; &nbsp; &nbsp; &nbsp; &nbsp; &nbsp; &nbsp; &nbsp; &nbsp; &nbsp; &nbsp; &nbsp; &nbsp; &nbsp; &nbsp; &nbsp;\u00d6zbay Sa\u011fl\u0131k&nbsp;<br><br>Delta-Med&nbsp; &nbsp; &nbsp; &nbsp; &nbsp; &nbsp; &nbsp;Impact Health&nbsp; &nbsp; &nbsp; &nbsp; &nbsp; &nbsp; &nbsp; &nbsp;&nbsp;Statin_Med<\/b><br><br><b>Diagenics&nbsp; &nbsp; &nbsp; &nbsp; &nbsp; &nbsp; &nbsp; &nbsp; KUISCID&nbsp; &nbsp; &nbsp; &nbsp; &nbsp; &nbsp; &nbsp; &nbsp; &nbsp; &nbsp; &nbsp; &nbsp; &nbsp; &nbsp;&nbsp;Tuniva<\/b><br><br><b>DxNow&nbsp; &nbsp; &nbsp; &nbsp; &nbsp; &nbsp; &nbsp; &nbsp; &nbsp; &nbsp; &nbsp;Mentor AR-GE&nbsp; &nbsp; &nbsp; &nbsp; &nbsp; &nbsp; &nbsp; &nbsp;Turkishtime&nbsp;<\/b><br><br><b>GenX&nbsp; &nbsp; &nbsp; &nbsp; &nbsp; &nbsp; &nbsp; &nbsp; &nbsp; &nbsp; &nbsp; &nbsp; &nbsp; Monitor CRO<\/b><br><br><br><font class=\"cstm-fnt\" style=\"font-size: 120.1%;\"><font class=\"cstm-fnt\" style=\"font-size: 99.9251%;\"><b>\n\nSome of the Institutions and Companies We Have Served (2014-2024)<\/b><\/font><br><br><font class=\"cstm-fnt\" style=\"font-size: 83.2723%;\">Our extensive client portfolio includes collaborations with leading institutions and companies in the pharmaceutical and medical industries. These partnerships reflect our commitment to excellence and innovation, driving forward projects that have a meaningful impact on healthcare.<\/font><br>\n<\/font><b><br>Abdi \u0130brahim\n<br><br>A\u0130FD\n<br><br>Alexion\n<br><br>Allergan\n<br><br>Astra Zeneca\n<br><br>Berko \u0130la\u00e7\n<br><br>BioMarin\n<br><br>Boehringer Ingelheim\n<br><br>Boston Scientific\n<br><br>BTG Medical\n<br><br>Bugamed\n<br><br>Celgene\n<br><br>Centurion \u0130la\u00e7\n<br><br>Cordamed-Intiutive\n<br><br>Daichi Sankyo\n<br><br>Deva \u0130la\u00e7\n<br><br>Guerbet \u0130la\u00e7\n<br><br>HIPRA\nHorizon Health 2021 European Union Project\n<br><br>Illumina\n<br><br>Intra Medikal\n<br><br>\u0130brahim Etem Menarini\n<br><br>\u0130stanbul \u0130la\u00e7\n<br><br>Johnson and Johnson\n<br><br>Kansuk \u0130la\u00e7\n<br><br>Konsina\n<br><br>Lilly\n<br><br>Med \u0130la\u00e7\n<br><br>MEDSALUS\n<br><br>MT Sa\u011fl\u0131k\n<br><br>Pierre Fabre \u0130la\u00e7\n<br><br>Ra \u0130la\u00e7\n<br><br>Roche\n<br><br>Sanofi\n<br><br>TRPharm\n<br><br>T\u00fcrk Philips\n<br><br>UTSAT sa\u011fl\u0131k\n<br><br>Vivasante\n<br><br>Zentiva\n<\/b><br><br>Through collaboration and innovation, we continue to drive positive change in the healthcare landscape.&nbsp;<br><span data-prop=\"description\" class=\"ck-editable-element\" data-editable=\"basic\" style=\"display:none;\"><\/span><\/p> <div class=\"kv-ee-buttons\">  <\/div><\/div><\/div><\/div><\/div>\n  <\/div>\n<\/section>\n<style scoped>.pajahi93 .kv-ee-content-image{width:100%;background-size:cover;background-position:center;padding-bottom:50%}.pajahi93 .kv-ee-image-align-left,.pajahi93 .kv-ee-image-align-center,.pajahi93 .kv-ee-image-align-right{margin-top:1.5rem}.pajahi93 .kv-ee-section-text{margin-top:2rem;max-width:800px}.pajahi93 .kv-ee-buttons{margin-bottom:1.5rem}.pajahi93 .kv-ee-button{margin-top:.5rem}.pajahi93 .kv-ee-align-center,.pajahi93 .kv-ee-align-right{margin-left:auto}.pajahi93 .kv-ee-align-center .kv-ee-portrait,.pajahi93 .kv-ee-align-center .kv-ee-landscape,.pajahi93 .kv-ee-align-center .kv-ee-square,.pajahi93 .kv-ee-align-center .kv-ee-circle,.pajahi93 .kv-ee-align-center .kv-ee-blob,.pajahi93 .kv-ee-align-right .kv-ee-portrait,.pajahi93 .kv-ee-align-right .kv-ee-landscape,.pajahi93 .kv-ee-align-right .kv-ee-square,.pajahi93 .kv-ee-align-right .kv-ee-circle,.pajahi93 .kv-ee-align-right .kv-ee-blob{margin-left:auto}.pajahi93 .kv-ee-align-center,.pajahi93 .kv-ee-align-left{margin-right:auto}.pajahi93 .kv-ee-align-center .kv-ee-portrait,.pajahi93 .kv-ee-align-center .kv-ee-landscape,.pajahi93 .kv-ee-align-center .kv-ee-square,.pajahi93 .kv-ee-align-center .kv-ee-circle,.pajahi93 .kv-ee-align-center .kv-ee-blob,.pajahi93 .kv-ee-align-left .kv-ee-portrait,.pajahi93 .kv-ee-align-left .kv-ee-landscape,.pajahi93 .kv-ee-align-left .kv-ee-square,.pajahi93 .kv-ee-align-left .kv-ee-circle,.pajahi93 .kv-ee-align-left .kv-ee-blob{margin-right:auto}.pajahi93 .kv-ee-landscape{width:60%}.pajahi93 .kv-ee-landscape .kv-ee-content-image{padding-bottom:56.25%}.pajahi93 .kv-ee-portrait{max-width:256px}.pajahi93 .kv-ee-portrait .kv-ee-content-image{padding-bottom:133.33333%}.pajahi93 .kv-ee-square,.pajahi93 .kv-ee-circle{max-width:300px}.pajahi93 .kv-ee-square .kv-ee-content-image,.pajahi93 .kv-ee-circle .kv-ee-content-image{padding-bottom:100%}.pajahi93 .kv-ee-circle .kv-ee-content-image{border-radius:50%}@media(max-width:575px){.pajahi93 .kv-ee-circle .kv-ee-content-image{border-radius:50%;padding-bottom:75%;width:100%;margin:0 auto 1rem}.pajahi93 .kv-ee-square,.pajahi93 .kv-ee-circle{max-width:100%}}.pajahi93 .kv-ee-align-left{text-align:left}.pajahi93 .kv-ee-align-left .kv-ee-section-text{margin-right:auto}.pajahi93 .kv-ee-align-left .kv-ee-button{margin-right:.5rem}.pajahi93 .kv-ee-align-left hr{margin-right:auto;margin-left:0}.pajahi93 .kv-ee-align-center{text-align:center}.pajahi93 .kv-ee-align-center .kv-ee-section-text{margin-right:auto;margin-left:auto}.pajahi93 .kv-ee-align-center .kv-ee-button{margin-left:.25rem;margin-right:.25rem}.pajahi93 .kv-ee-align-center hr{margin-left:auto;margin-right:auto}.pajahi93 .kv-ee-align-right{text-align:right}.pajahi93 .kv-ee-align-right .kv-ee-section-text{margin-left:auto}.pajahi93 .kv-ee-align-right .kv-ee-button{margin-left:.5rem}.pajahi93 .kv-ee-align-right hr{margin-left:auto;margin-right:0}@media(min-width:768px){.pajahi93 .kv-ee-blob{width:75%;padding-bottom:75%}}@media(min-width:992px){.pajahi93 .kv-ee-blob{width:30%;padding-bottom:30%}}<\/style>","protected":false},"excerpt":{"rendered":"","protected":false},"author":1,"featured_media":0,"parent":0,"menu_order":0,"comment_status":"closed","ping_status":"closed","template":"wb4wp-template.php","meta":{"om_disable_all_campaigns":false,"WB4WB4WP_MODE":"","WB4WP_PAGE_SCRIPTS":"","WB4WP_PAGE_STYLES":"","WB4WP_PAGE_FONTS":"","WB4WP_PAGE_HEADER":"","WB4WP_PAGE_FOOTER":"","_monsterinsights_skip_tracking":false,"_monsterinsights_sitenote_active":false,"_monsterinsights_sitenote_note":"","_monsterinsights_sitenote_category":0,"footnotes":""},"class_list":["post-17","page","type-page","status-publish","hentry"],"yoast_head":"<!-- This site is optimized with the Yoast SEO plugin v24.4 - https:\/\/yoast.com\/wordpress\/plugins\/seo\/ -->\n<title>Stakeholders - Metpharm R D Healthcare Consultancy<\/title>\n<meta name=\"robots\" content=\"index, follow, max-snippet:-1, max-image-preview:large, max-video-preview:-1\" \/>\n<link rel=\"canonical\" href=\"https:\/\/met-pharm.com\/?page_id=17\" \/>\n<meta property=\"og:locale\" content=\"en_US\" \/>\n<meta property=\"og:type\" content=\"article\" \/>\n<meta property=\"og:title\" content=\"Stakeholders - Metpharm R D Healthcare Consultancy\" \/>\n<meta property=\"og:url\" content=\"https:\/\/met-pharm.com\/?page_id=17\" \/>\n<meta property=\"og:site_name\" content=\"Metpharm R D Healthcare Consultancy\" \/>\n<meta property=\"article:modified_time\" content=\"2024-05-11T20:32:30+00:00\" \/>\n<meta name=\"twitter:card\" content=\"summary_large_image\" \/>\n<meta name=\"twitter:label1\" content=\"Est. reading time\" \/>\n\t<meta name=\"twitter:data1\" content=\"2 minutes\" \/>\n<script type=\"application\/ld+json\" class=\"yoast-schema-graph\">{\"@context\":\"https:\/\/schema.org\",\"@graph\":[{\"@type\":\"WebPage\",\"@id\":\"https:\/\/met-pharm.com\/?page_id=17\",\"url\":\"https:\/\/met-pharm.com\/?page_id=17\",\"name\":\"Stakeholders - Metpharm R D Healthcare Consultancy\",\"isPartOf\":{\"@id\":\"http:\/\/box5546.temp.domains\/~metpharm\/#website\"},\"datePublished\":\"2022-03-02T10:23:38+00:00\",\"dateModified\":\"2024-05-11T20:32:30+00:00\",\"breadcrumb\":{\"@id\":\"https:\/\/met-pharm.com\/?page_id=17#breadcrumb\"},\"inLanguage\":\"en-US\",\"potentialAction\":[{\"@type\":\"ReadAction\",\"target\":[\"https:\/\/met-pharm.com\/?page_id=17\"]}]},{\"@type\":\"BreadcrumbList\",\"@id\":\"https:\/\/met-pharm.com\/?page_id=17#breadcrumb\",\"itemListElement\":[{\"@type\":\"ListItem\",\"position\":1,\"name\":\"Home\",\"item\":\"https:\/\/met-pharm.com\/\"},{\"@type\":\"ListItem\",\"position\":2,\"name\":\"Stakeholders\"}]},{\"@type\":\"WebSite\",\"@id\":\"http:\/\/box5546.temp.domains\/~metpharm\/#website\",\"url\":\"http:\/\/box5546.temp.domains\/~metpharm\/\",\"name\":\"Metpharm R D Healthcare Consultancy\",\"description\":\"\",\"potentialAction\":[{\"@type\":\"SearchAction\",\"target\":{\"@type\":\"EntryPoint\",\"urlTemplate\":\"http:\/\/box5546.temp.domains\/~metpharm\/?s={search_term_string}\"},\"query-input\":{\"@type\":\"PropertyValueSpecification\",\"valueRequired\":true,\"valueName\":\"search_term_string\"}}],\"inLanguage\":\"en-US\"}]}<\/script>\n<!-- \/ Yoast SEO plugin. -->","yoast_head_json":{"title":"Stakeholders - Metpharm R D Healthcare Consultancy","robots":{"index":"index","follow":"follow","max-snippet":"max-snippet:-1","max-image-preview":"max-image-preview:large","max-video-preview":"max-video-preview:-1"},"canonical":"https:\/\/met-pharm.com\/?page_id=17","og_locale":"en_US","og_type":"article","og_title":"Stakeholders - Metpharm R D Healthcare Consultancy","og_url":"https:\/\/met-pharm.com\/?page_id=17","og_site_name":"Metpharm R D Healthcare Consultancy","article_modified_time":"2024-05-11T20:32:30+00:00","twitter_card":"summary_large_image","twitter_misc":{"Est. reading time":"2 minutes"},"schema":{"@context":"https:\/\/schema.org","@graph":[{"@type":"WebPage","@id":"https:\/\/met-pharm.com\/?page_id=17","url":"https:\/\/met-pharm.com\/?page_id=17","name":"Stakeholders - Metpharm R D Healthcare Consultancy","isPartOf":{"@id":"http:\/\/box5546.temp.domains\/~metpharm\/#website"},"datePublished":"2022-03-02T10:23:38+00:00","dateModified":"2024-05-11T20:32:30+00:00","breadcrumb":{"@id":"https:\/\/met-pharm.com\/?page_id=17#breadcrumb"},"inLanguage":"en-US","potentialAction":[{"@type":"ReadAction","target":["https:\/\/met-pharm.com\/?page_id=17"]}]},{"@type":"BreadcrumbList","@id":"https:\/\/met-pharm.com\/?page_id=17#breadcrumb","itemListElement":[{"@type":"ListItem","position":1,"name":"Home","item":"https:\/\/met-pharm.com\/"},{"@type":"ListItem","position":2,"name":"Stakeholders"}]},{"@type":"WebSite","@id":"http:\/\/box5546.temp.domains\/~metpharm\/#website","url":"http:\/\/box5546.temp.domains\/~metpharm\/","name":"Metpharm R D Healthcare Consultancy","description":"","potentialAction":[{"@type":"SearchAction","target":{"@type":"EntryPoint","urlTemplate":"http:\/\/box5546.temp.domains\/~metpharm\/?s={search_term_string}"},"query-input":{"@type":"PropertyValueSpecification","valueRequired":true,"valueName":"search_term_string"}}],"inLanguage":"en-US"}]}},"_links":{"self":[{"href":"https:\/\/met-pharm.com\/index.php?rest_route=\/wp\/v2\/pages\/17","targetHints":{"allow":["GET"]}}],"collection":[{"href":"https:\/\/met-pharm.com\/index.php?rest_route=\/wp\/v2\/pages"}],"about":[{"href":"https:\/\/met-pharm.com\/index.php?rest_route=\/wp\/v2\/types\/page"}],"author":[{"embeddable":true,"href":"https:\/\/met-pharm.com\/index.php?rest_route=\/wp\/v2\/users\/1"}],"replies":[{"embeddable":true,"href":"https:\/\/met-pharm.com\/index.php?rest_route=%2Fwp%2Fv2%2Fcomments&post=17"}],"version-history":[{"count":0,"href":"https:\/\/met-pharm.com\/index.php?rest_route=\/wp\/v2\/pages\/17\/revisions"}],"wp:attachment":[{"href":"https:\/\/met-pharm.com\/index.php?rest_route=%2Fwp%2Fv2%2Fmedia&parent=17"}],"curies":[{"name":"wp","href":"https:\/\/api.w.org\/{rel}","templated":true}]}}